{"id":3360,"date":"2025-02-12T06:52:57","date_gmt":"2025-02-12T06:52:57","guid":{"rendered":"https:\/\/www.vesselspa.com\/izdelek\/upravljacka-ploca-modul-za-automatsko-ispiranje\/"},"modified":"2025-11-27T12:23:57","modified_gmt":"2025-11-27T12:23:57","slug":"upravljacka-ploca-modul-za-automatsko-ispiranje","status":"publish","type":"product","link":"https:\/\/www.vesselspa.com\/hr\/izdelek\/upravljacka-ploca-modul-za-automatsko-ispiranje\/","title":{"rendered":"Upravlja\u010dka plo\u010da + modul za automatsko ispiranje"},"content":{"rendered":"<p><strong>Upravlja\u010dka plo\u010da  <\/strong><\/p>\n<ul>\n<li>Izdr\u017eljivo, UV otporno ku\u0107i\u0161te izra\u0111eno od ASA akrila metodom brizganja.<\/li>\n<li>Upravljanje ventilom za regulaciju visokotla\u010dne pumpe.<\/li>\n<li>Integrirani trostupanjski LED indikator kvalitete vode.<\/li>\n<li>Mjera\u010d niskog tlaka pokazuje kada je potrebno zamijeniti predfilter.<\/li>\n<li>Automatsko ispiranje se aktivira kada se zaustavi.<\/li>\n<li>Napajanje DC 12V ili 24V.<\/li>\n<\/ul>\n<p>&nbsp;<\/p>\n<p class=\"product-title product_title entry-title\"><strong>Auto Flush module<\/strong><\/p>\n<p>Sustav za automatsko ispiranje uklju\u010duje timer, solenoidni ventil i filter s aktivnim ugljenom koji omogu\u0107uje sustavu pitke vode na va\u0161em plovilu da ispire desalinizator svje\u017eom vodom iz spremnika nekoliko minuta svakih sedam dana. Tajmer s jednom tipkom za kalibraciju mo\u017ee se postaviti na vrijeme ispiranja od dvije do osam minuta, ovisno o snazi \u200b\u200bpumpe. Filter s aktivnim ugljenom neutralizira klor koji se mo\u017ee nalaziti u va\u0161em akvariju.<br \/>\nTajmer i solenoidni ventil rade od 12-24 VDC. Jedna strana sustava montirana je na ulaz slatke vode va\u0161eg plovila, a druga strana na va\u0161 Rainman (PSU).<\/p>\n<p>Sustav se isporu\u010duje s dva filtera s aktivnim ugljenom, koje je potrebno mijenjati svakih \u0161est mjeseci.<br \/>\n Potpuno je kompatibilan sa svim instaliranim Rainman sustavima.<\/p>\n<p>&nbsp;<\/p>\n<p>&nbsp;<\/p>\n","protected":false},"excerpt":{"rendered":"<p>Dimenzije plo\u010de <strong>: 280 x 280 mm, veli\u010dina izreza: 250 x 250 mm.<\/strong><\/p>\n<p>Dimenzije ku\u0107i\u0161ta: <strong>280 x 280 x 151 mm.<\/strong><\/p>\n","protected":false},"featured_media":3171,"comment_status":"closed","ping_status":"closed","template":"","meta":[],"product_brand":[],"product_cat":[344],"product_tag":[],"class_list":{"0":"post-3360","1":"product","2":"type-product","3":"status-publish","4":"has-post-thumbnail","6":"product_cat-rainman-watermaker-hr","7":"product_shipping_class-paket-m-4500-e","9":"first","10":"instock","11":"taxable","12":"shipping-taxable","13":"purchasable","14":"product-type-simple"},"_links":{"self":[{"href":"https:\/\/www.vesselspa.com\/hr\/wp-json\/wp\/v2\/product\/3360","targetHints":{"allow":["GET"]}}],"collection":[{"href":"https:\/\/www.vesselspa.com\/hr\/wp-json\/wp\/v2\/product"}],"about":[{"href":"https:\/\/www.vesselspa.com\/hr\/wp-json\/wp\/v2\/types\/product"}],"replies":[{"embeddable":true,"href":"https:\/\/www.vesselspa.com\/hr\/wp-json\/wp\/v2\/comments?post=3360"}],"wp:featuredmedia":[{"embeddable":true,"href":"https:\/\/www.vesselspa.com\/hr\/wp-json\/wp\/v2\/media\/3171"}],"wp:attachment":[{"href":"https:\/\/www.vesselspa.com\/hr\/wp-json\/wp\/v2\/media?parent=3360"}],"wp:term":[{"taxonomy":"product_brand","embeddable":true,"href":"https:\/\/www.vesselspa.com\/hr\/wp-json\/wp\/v2\/product_brand?post=3360"},{"taxonomy":"product_cat","embeddable":true,"href":"https:\/\/www.vesselspa.com\/hr\/wp-json\/wp\/v2\/product_cat?post=3360"},{"taxonomy":"product_tag","embeddable":true,"href":"https:\/\/www.vesselspa.com\/hr\/wp-json\/wp\/v2\/product_tag?post=3360"}],"curies":[{"name":"wp","href":"https:\/\/api.w.org\/{rel}","templated":true}]}}