{"id":3341,"date":"2025-02-12T06:51:47","date_gmt":"2025-02-12T06:51:47","guid":{"rendered":"https:\/\/www.vesselspa.com\/izdelek\/rainman-auto-control-panel\/"},"modified":"2025-11-27T07:17:47","modified_gmt":"2025-11-27T07:17:47","slug":"rainman-auto-control-panel","status":"publish","type":"product","link":"https:\/\/www.vesselspa.com\/hr\/izdelek\/rainman-auto-control-panel\/","title":{"rendered":"Rainman Auto Control Panel"},"content":{"rendered":"","protected":false},"excerpt":{"rendered":"<p class=\"p1\"><b>Pregled<\/b><\/p>\n<p class=\"p1\">Rainmanova najnovija inovacija uvodi potpunu automatizaciju u na\u0161e modularne i okvirne sustave za desalinizaciju. Omogu\u0107uje vam upravljanje sustavom putem \u017ei\u010danog daljinskog mikropanela i telefonske aplikacije povezane putem Bluetootha. Budite uvjereni \u2013 automatizirani sustav \u0107e sigurno kontrolirati tlak, upravljati koli\u010dinom proizvedene vode i raditi u slatkoj, bo\u010datoj ili morskoj vodi.  <\/p>\n<p class=\"p1\"><b>Jednostavno za rukovanje<\/b><\/p>\n<p class=\"p1\">Automatizirana upravlja\u010dka plo\u010da ima dvije male mikroplo\u010de za upravljanje sustavom. Jedna se nalazi na glavnoj plo\u010di watermastera, a druga je za \u017ei\u010dani daljinski upravlja\u010d. Sadr\u017ei tipke START i STOP te LED indikatore za RUN, WATER i FLUSH. Timer se mo\u017ee postaviti dr\u017eanjem tipke START nekoliko sekundi. Tako\u0111er se mo\u017ee spojiti na plovak u spremniku, \u0161to omogu\u0107uje automatsko isklju\u010divanje sustava kada je spremnik pun.    <\/p>\n<p>&nbsp;<\/p>\n","protected":false},"featured_media":3321,"comment_status":"closed","ping_status":"closed","template":"","meta":[],"product_brand":[],"product_cat":[344],"product_tag":[],"class_list":{"0":"post-3341","1":"product","2":"type-product","3":"status-publish","4":"has-post-thumbnail","6":"product_cat-rainman-watermaker-hr","8":"first","9":"instock","10":"taxable","11":"shipping-taxable","12":"purchasable","13":"product-type-simple"},"_links":{"self":[{"href":"https:\/\/www.vesselspa.com\/hr\/wp-json\/wp\/v2\/product\/3341","targetHints":{"allow":["GET"]}}],"collection":[{"href":"https:\/\/www.vesselspa.com\/hr\/wp-json\/wp\/v2\/product"}],"about":[{"href":"https:\/\/www.vesselspa.com\/hr\/wp-json\/wp\/v2\/types\/product"}],"replies":[{"embeddable":true,"href":"https:\/\/www.vesselspa.com\/hr\/wp-json\/wp\/v2\/comments?post=3341"}],"wp:featuredmedia":[{"embeddable":true,"href":"https:\/\/www.vesselspa.com\/hr\/wp-json\/wp\/v2\/media\/3321"}],"wp:attachment":[{"href":"https:\/\/www.vesselspa.com\/hr\/wp-json\/wp\/v2\/media?parent=3341"}],"wp:term":[{"taxonomy":"product_brand","embeddable":true,"href":"https:\/\/www.vesselspa.com\/hr\/wp-json\/wp\/v2\/product_brand?post=3341"},{"taxonomy":"product_cat","embeddable":true,"href":"https:\/\/www.vesselspa.com\/hr\/wp-json\/wp\/v2\/product_cat?post=3341"},{"taxonomy":"product_tag","embeddable":true,"href":"https:\/\/www.vesselspa.com\/hr\/wp-json\/wp\/v2\/product_tag?post=3341"}],"curies":[{"name":"wp","href":"https:\/\/api.w.org\/{rel}","templated":true}]}}