{"id":3167,"date":"2025-02-12T06:57:47","date_gmt":"2025-02-12T06:57:47","guid":{"rendered":"https:\/\/www.vesselspa.com\/izdelek\/modular-24v-dc-55-2\/"},"modified":"2025-02-12T06:57:47","modified_gmt":"2025-02-12T06:57:47","slug":"modular-24v-dc-55-2","status":"publish","type":"product","link":"https:\/\/www.vesselspa.com\/hr\/izdelek\/modular-24v-dc-55-2\/","title":{"rendered":"Modular 24V DC 55"},"content":{"rendered":"","protected":false},"excerpt":{"rendered":"<p>Kapacitet <strong>50 \u2013 70 l\/h<\/strong><\/p>\n<p> Energija <strong>230 V AC \u2013 1250 W \u2013 6 A<\/strong><\/p>\n<p> Dodatno preporu\u010dujemo UPRAVLJA\u010cKU PLO\u010cU i AUTOMATSKI SUSTAV ISPIRANJA<\/p>\n<p><a href=\"https:\/\/www.vesselspa.com\/izdelek\/control-panel-4\/\"> <img loading=\"lazy\" decoding=\"async\" class=\"alignnone wp-image-1300\" src=\"https:\/\/www.vesselspa.com\/wp-content\/uploads\/2023\/02\/124820552_2129542367190677_189510033101569679_n-300x300.jpg\" alt=\"\" width=\"177\" height=\"177\" srcset=\"https:\/\/www.vesselspa.com\/wp-content\/uploads\/2023\/02\/124820552_2129542367190677_189510033101569679_n-300x300.jpg 300w, https:\/\/www.vesselspa.com\/wp-content\/uploads\/2023\/02\/124820552_2129542367190677_189510033101569679_n-100x100.jpg 100w, https:\/\/www.vesselspa.com\/wp-content\/uploads\/2023\/02\/124820552_2129542367190677_189510033101569679_n-600x600.jpg 600w, https:\/\/www.vesselspa.com\/wp-content\/uploads\/2023\/02\/124820552_2129542367190677_189510033101569679_n-150x150.jpg 150w, https:\/\/www.vesselspa.com\/wp-content\/uploads\/2023\/02\/124820552_2129542367190677_189510033101569679_n-768x768.jpg 768w, https:\/\/www.vesselspa.com\/wp-content\/uploads\/2023\/02\/124820552_2129542367190677_189510033101569679_n.jpg 960w\" sizes=\"auto, (max-width: 177px) 100vw, 177px\" \/><\/a><a href=\"https:\/\/www.vesselspa.com\/izdelek\/autoflush\/\"><img loading=\"lazy\" decoding=\"async\" class=\"alignnone wp-image-2185\" src=\"https:\/\/www.vesselspa.com\/wp-content\/uploads\/2024\/09\/Autoflush-Rainman--300x215.jpg\" alt=\"\" width=\"251\" height=\"180\" srcset=\"https:\/\/www.vesselspa.com\/wp-content\/uploads\/2024\/09\/Autoflush-Rainman--300x215.jpg 300w, https:\/\/www.vesselspa.com\/wp-content\/uploads\/2024\/09\/Autoflush-Rainman--1024x734.jpg 1024w, https:\/\/www.vesselspa.com\/wp-content\/uploads\/2024\/09\/Autoflush-Rainman--768x551.jpg 768w, https:\/\/www.vesselspa.com\/wp-content\/uploads\/2024\/09\/Autoflush-Rainman--1536x1102.jpg 1536w, https:\/\/www.vesselspa.com\/wp-content\/uploads\/2024\/09\/Autoflush-Rainman--600x430.jpg 600w, https:\/\/www.vesselspa.com\/wp-content\/uploads\/2024\/09\/Autoflush-Rainman-.jpg 1828w\" sizes=\"auto, (max-width: 251px) 100vw, 251px\" \/><\/a><\/p>\n","protected":false},"featured_media":3162,"comment_status":"closed","ping_status":"closed","template":"","meta":[],"product_brand":[],"product_cat":[344],"product_tag":[],"class_list":{"0":"post-3167","1":"product","2":"type-product","3":"status-publish","4":"has-post-thumbnail","6":"product_cat-rainman-watermaker-hr","7":"product_shipping_class-paket-l-hr","9":"first","10":"instock","11":"taxable","12":"shipping-taxable","13":"purchasable","14":"product-type-simple"},"_links":{"self":[{"href":"https:\/\/www.vesselspa.com\/hr\/wp-json\/wp\/v2\/product\/3167","targetHints":{"allow":["GET"]}}],"collection":[{"href":"https:\/\/www.vesselspa.com\/hr\/wp-json\/wp\/v2\/product"}],"about":[{"href":"https:\/\/www.vesselspa.com\/hr\/wp-json\/wp\/v2\/types\/product"}],"replies":[{"embeddable":true,"href":"https:\/\/www.vesselspa.com\/hr\/wp-json\/wp\/v2\/comments?post=3167"}],"wp:featuredmedia":[{"embeddable":true,"href":"https:\/\/www.vesselspa.com\/hr\/wp-json\/wp\/v2\/media\/3162"}],"wp:attachment":[{"href":"https:\/\/www.vesselspa.com\/hr\/wp-json\/wp\/v2\/media?parent=3167"}],"wp:term":[{"taxonomy":"product_brand","embeddable":true,"href":"https:\/\/www.vesselspa.com\/hr\/wp-json\/wp\/v2\/product_brand?post=3167"},{"taxonomy":"product_cat","embeddable":true,"href":"https:\/\/www.vesselspa.com\/hr\/wp-json\/wp\/v2\/product_cat?post=3167"},{"taxonomy":"product_tag","embeddable":true,"href":"https:\/\/www.vesselspa.com\/hr\/wp-json\/wp\/v2\/product_tag?post=3167"}],"curies":[{"name":"wp","href":"https:\/\/api.w.org\/{rel}","templated":true}]}}