{"id":3133,"date":"2024-09-18T12:10:52","date_gmt":"2024-09-18T12:10:52","guid":{"rendered":"https:\/\/www.vesselspa.com\/izdelek\/upravljacka-ploca\/"},"modified":"2024-09-18T12:10:52","modified_gmt":"2024-09-18T12:10:52","slug":"upravljacka-ploca","status":"publish","type":"product","link":"https:\/\/www.vesselspa.com\/hr\/izdelek\/upravljacka-ploca\/","title":{"rendered":"Upravlja\u010dka plo\u010da"},"content":{"rendered":"<ul>\n<li>Izdr\u017eljivo, UV otporno ku\u0107i\u0161te izra\u0111eno od ASA akrila metodom brizganja.<\/li>\n<li>Upravljanje ventilom za regulaciju visokotla\u010dne pumpe.<\/li>\n<li>Integrirani trostupanjski LED indikator kvalitete vode.<\/li>\n<li>Mjera\u010d niskog tlaka pokazuje kada je potrebno zamijeniti predfilter.<\/li>\n<li>Automatsko ispiranje se aktivira kada se zaustavi.<\/li>\n<li>Napajanje DC 12V ili 24V.<\/li>\n<\/ul>\n<p>&nbsp;<\/p>\n<p>&nbsp;<\/p>\n","protected":false},"excerpt":{"rendered":"<p>Dimenzije plo\u010de <strong>: 280 x 280 mm, veli\u010dina izreza: 250 x 250 mm.<\/strong><\/p>\n<p>Dimenzije ku\u0107i\u0161ta: <strong>280 x 280 x 151 mm.<\/strong><\/p>\n","protected":false},"featured_media":3134,"comment_status":"closed","ping_status":"closed","template":"","meta":[],"product_brand":[],"product_cat":[344],"product_tag":[],"class_list":{"0":"post-3133","1":"product","2":"type-product","3":"status-publish","4":"has-post-thumbnail","6":"product_cat-rainman-watermaker-hr","7":"product_shipping_class-paket-m-4500-e","9":"first","10":"instock","11":"taxable","12":"shipping-taxable","13":"purchasable","14":"product-type-simple"},"_links":{"self":[{"href":"https:\/\/www.vesselspa.com\/hr\/wp-json\/wp\/v2\/product\/3133","targetHints":{"allow":["GET"]}}],"collection":[{"href":"https:\/\/www.vesselspa.com\/hr\/wp-json\/wp\/v2\/product"}],"about":[{"href":"https:\/\/www.vesselspa.com\/hr\/wp-json\/wp\/v2\/types\/product"}],"replies":[{"embeddable":true,"href":"https:\/\/www.vesselspa.com\/hr\/wp-json\/wp\/v2\/comments?post=3133"}],"wp:featuredmedia":[{"embeddable":true,"href":"https:\/\/www.vesselspa.com\/hr\/wp-json\/wp\/v2\/media\/3134"}],"wp:attachment":[{"href":"https:\/\/www.vesselspa.com\/hr\/wp-json\/wp\/v2\/media?parent=3133"}],"wp:term":[{"taxonomy":"product_brand","embeddable":true,"href":"https:\/\/www.vesselspa.com\/hr\/wp-json\/wp\/v2\/product_brand?post=3133"},{"taxonomy":"product_cat","embeddable":true,"href":"https:\/\/www.vesselspa.com\/hr\/wp-json\/wp\/v2\/product_cat?post=3133"},{"taxonomy":"product_tag","embeddable":true,"href":"https:\/\/www.vesselspa.com\/hr\/wp-json\/wp\/v2\/product_tag?post=3133"}],"curies":[{"name":"wp","href":"https:\/\/api.w.org\/{rel}","templated":true}]}}