{"id":3106,"date":"2024-09-18T12:09:20","date_gmt":"2024-09-18T12:09:20","guid":{"rendered":"https:\/\/www.vesselspa.com\/izdelek\/vanjski-otvor\/"},"modified":"2024-09-18T12:09:20","modified_gmt":"2024-09-18T12:09:20","slug":"vanjski-otvor","status":"publish","type":"product","link":"https:\/\/www.vesselspa.com\/hr\/izdelek\/vanjski-otvor\/","title":{"rendered":"Vanjski otvor"},"content":{"rendered":"<p>Ako \u017eelite montirati upravlja\u010dku plo\u010du vani, nudimo opcionalni poklopac prilago\u0111en za monta\u017eu va\u0161e upravlja\u010dke plo\u010de.<\/p>\n","protected":false},"excerpt":{"rendered":"<p>Ako \u017eelite montirati upravlja\u010dku plo\u010du vani, nudimo opcionalni poklopac prilago\u0111en za monta\u017eu va\u0161e upravlja\u010dke plo\u010de.<\/p>\n","protected":false},"featured_media":3107,"comment_status":"closed","ping_status":"closed","template":"","meta":[],"product_brand":[],"product_cat":[344],"product_tag":[],"class_list":{"0":"post-3106","1":"product","2":"type-product","3":"status-publish","4":"has-post-thumbnail","6":"product_cat-rainman-watermaker-hr","7":"product_shipping_class-paket-s-3500-e","9":"first","10":"instock","11":"taxable","12":"shipping-taxable","13":"purchasable","14":"product-type-simple"},"_links":{"self":[{"href":"https:\/\/www.vesselspa.com\/hr\/wp-json\/wp\/v2\/product\/3106","targetHints":{"allow":["GET"]}}],"collection":[{"href":"https:\/\/www.vesselspa.com\/hr\/wp-json\/wp\/v2\/product"}],"about":[{"href":"https:\/\/www.vesselspa.com\/hr\/wp-json\/wp\/v2\/types\/product"}],"replies":[{"embeddable":true,"href":"https:\/\/www.vesselspa.com\/hr\/wp-json\/wp\/v2\/comments?post=3106"}],"wp:featuredmedia":[{"embeddable":true,"href":"https:\/\/www.vesselspa.com\/hr\/wp-json\/wp\/v2\/media\/3107"}],"wp:attachment":[{"href":"https:\/\/www.vesselspa.com\/hr\/wp-json\/wp\/v2\/media?parent=3106"}],"wp:term":[{"taxonomy":"product_brand","embeddable":true,"href":"https:\/\/www.vesselspa.com\/hr\/wp-json\/wp\/v2\/product_brand?post=3106"},{"taxonomy":"product_cat","embeddable":true,"href":"https:\/\/www.vesselspa.com\/hr\/wp-json\/wp\/v2\/product_cat?post=3106"},{"taxonomy":"product_tag","embeddable":true,"href":"https:\/\/www.vesselspa.com\/hr\/wp-json\/wp\/v2\/product_tag?post=3106"}],"curies":[{"name":"wp","href":"https:\/\/api.w.org\/{rel}","templated":true}]}}