{"id":3079,"date":"2023-03-07T17:11:00","date_gmt":"2023-03-07T17:11:00","guid":{"rendered":"https:\/\/www.vesselspa.com\/zgodba\/"},"modified":"2025-11-21T10:55:39","modified_gmt":"2025-11-21T10:55:39","slug":"zgodba","status":"publish","type":"page","link":"https:\/\/www.vesselspa.com\/hr\/zgodba\/","title":{"rendered":"Zgodba"},"content":{"rendered":"\n\n  <div class=\"banner has-hover moveon-custom-banner-top-border-radius-1\" id=\"banner-1645159351\">\n          <div class=\"banner-inner fill\">\n        <div class=\"banner-bg fill\" >\n            <img loading=\"lazy\" decoding=\"async\" width=\"2560\" height=\"600\" src=\"https:\/\/www.vesselspa.com\/wp-content\/uploads\/2023\/03\/deck-professional-sailboat-racing-yacht-during-competition-sunny-windy-summer-day-moving-fast-through-waves-water-with-spinnaker-up.jpg\" class=\"bg attachment-original size-original\" alt=\"\" \/>                        <div class=\"overlay\"><\/div>            \n                    <\/div>\n\t\t\n        <div class=\"banner-layers container\">\n            <div class=\"fill banner-link\"><\/div>            \n\n   <div id=\"text-box-1033108104\" class=\"text-box banner-layer x50 md-x50 lg-x50 y50 md-y50 lg-y50 res-text\">\n                                <div class=\"text-box-content text dark\">\n              \n              <div class=\"text-inner text-center\">\n                  \n\n\t<div id=\"text-3736045612\" class=\"text\">\n\t\t\n\n<h1 class=\"uppercase\"><strong>O nama<\/strong><\/h1>\n\n\t\t\n<style>\n#text-3736045612 {\n  font-size: 0.75rem;\n}\n@media (min-width:550px) {\n  #text-3736045612 {\n    font-size: 1rem;\n  }\n}\n<\/style>\n\t<\/div>\n\t\n\n              <\/div>\n           <\/div>\n                            \n<style>\n#text-box-1033108104 {\n  width: 92%;\n}\n#text-box-1033108104 .text-box-content {\n  font-size: 100%;\n}\n@media (min-width:550px) {\n  #text-box-1033108104 {\n    width: 60%;\n  }\n}\n<\/style>\n    <\/div>\n \n\n        <\/div>\n      <\/div>\n\n            \n<style>\n#banner-1645159351 {\n  padding-top: 150px;\n}\n#banner-1645159351 .overlay {\n  background-color: rgba(40, 40, 40, 0.326);\n}\n@media (min-width:550px) {\n  #banner-1645159351 {\n    padding-top: 300px;\n  }\n}\n<\/style>\n  <\/div>\n\n\n\n\t<section class=\"section\" id=\"section_95029823\">\n\t\t<div class=\"section-bg fill\" >\n\t\t\t\t\t\t\t\t\t\n\t\t\t\n\n\t\t<\/div>\n\n\t\t\n\n\t\t<div class=\"section-content relative\">\n\t\t\t\n\n<div class=\"row row-large align-middle align-center\"  id=\"row-304895577\">\n\n\n\t<div id=\"col-455123974\" class=\"col medium-4 small-12 large-4\"  >\n\t\t\t\t<div class=\"col-inner\"  >\n\t\t\t\n\t\t\t\n\n\n  <div class=\"banner has-hover moveon-custom-image-border-radius-1\" id=\"banner-2029635357\">\n          <div class=\"banner-inner fill\">\n        <div class=\"banner-bg fill\" >\n            <img loading=\"lazy\" decoding=\"async\" width=\"768\" height=\"1024\" src=\"https:\/\/www.vesselspa.com\/wp-content\/uploads\/2023\/03\/grega-768x1024.jpg\" class=\"bg attachment-large size-large\" alt=\"\" \/>                                    \n                    <\/div>\n\t\t\n        <div class=\"banner-layers container\">\n            <div class=\"fill banner-link\"><\/div>            \n\n   <div id=\"text-box-591211074\" class=\"text-box banner-layer x50 md-x50 lg-x50 y50 md-y50 lg-y50 res-text\">\n                                <div class=\"text-box-content text dark\">\n              \n              <div class=\"text-inner text-center\">\n                  \n\n\n              <\/div>\n           <\/div>\n                            \n<style>\n#text-box-591211074 {\n  width: 60%;\n}\n#text-box-591211074 .text-box-content {\n  font-size: 100%;\n}\n<\/style>\n    <\/div>\n \n\n        <\/div>\n      <\/div>\n\n            \n<style>\n#banner-2029635357 {\n  padding-top: 350px;\n}\n@media (min-width:550px) {\n  #banner-2029635357 {\n    padding-top: 500px;\n  }\n}\n<\/style>\n  <\/div>\n\n\n\n\t\t<\/div>\n\t\t\t\t\t<\/div>\n\n\t\n\n\t<div id=\"col-1880917372\" class=\"col medium-6 small-12 large-6\"  >\n\t\t\t\t<div class=\"col-inner\"  >\n\t\t\t\n\t\t\t\n\n<p>Moje ime je Grega Vogelnik i vlasnik sam i osniva\u010d tvrtke Vessselspa\u2122. U nautici radim od 1997. godine, kada sam zaposlen kao tehni\u010dar u aftermarket odjelu Elan Marine. Nakon nekoliko godina terenskog rada preuzeo sam postprodajni servis, a ubrzo i odjel kvalitete.<\/p>\n<p>Nakon 9 godina pru\u017eila mi se nova prilika u tvrtki Seaway (Shipman, Skagen, Greenline). Moj zadatak je bio uspostaviti postprodajnu slu\u017ebu.<\/p>\n<p>Gotovo 400 Greenline plovila prodano je u 4 godine \u2013 zna\u010dajno dobro organizirane postprodajne servisne aktivnosti pridonijele su ovom uspjehu.<\/p>\n<p>Godine 2013. odlu\u010dio sam ponuditi svoje usluge drugima i osnovao Vessselspa\u2122. Vi\u0161e od pola \u017eivota \u017eivim i volim nauti\u010dki na\u010din razmi\u0161ljanja i \u017eivota.<\/p>\n\n\t\t<\/div>\n\t\t\t\t\t<\/div>\n\n\t\n\n<\/div>\n\n\t\t<\/div>\n\n\t\t\n<style>\n#section_95029823 {\n  padding-top: 50px;\n  padding-bottom: 50px;\n}\n<\/style>\n\t<\/section>\n\t\n","protected":false},"excerpt":{"rendered":"","protected":false},"author":2,"featured_media":0,"parent":0,"menu_order":0,"comment_status":"closed","ping_status":"closed","template":"","meta":{"footnotes":""},"class_list":["post-3079","page","type-page","status-publish","hentry"],"_links":{"self":[{"href":"https:\/\/www.vesselspa.com\/hr\/wp-json\/wp\/v2\/pages\/3079","targetHints":{"allow":["GET"]}}],"collection":[{"href":"https:\/\/www.vesselspa.com\/hr\/wp-json\/wp\/v2\/pages"}],"about":[{"href":"https:\/\/www.vesselspa.com\/hr\/wp-json\/wp\/v2\/types\/page"}],"author":[{"embeddable":true,"href":"https:\/\/www.vesselspa.com\/hr\/wp-json\/wp\/v2\/users\/2"}],"replies":[{"embeddable":true,"href":"https:\/\/www.vesselspa.com\/hr\/wp-json\/wp\/v2\/comments?post=3079"}],"version-history":[{"count":2,"href":"https:\/\/www.vesselspa.com\/hr\/wp-json\/wp\/v2\/pages\/3079\/revisions"}],"predecessor-version":[{"id":3082,"href":"https:\/\/www.vesselspa.com\/hr\/wp-json\/wp\/v2\/pages\/3079\/revisions\/3082"}],"wp:attachment":[{"href":"https:\/\/www.vesselspa.com\/hr\/wp-json\/wp\/v2\/media?parent=3079"}],"curies":[{"name":"wp","href":"https:\/\/api.w.org\/{rel}","templated":true}]}}