{"id":3076,"date":"2023-02-22T17:12:39","date_gmt":"2023-02-22T17:12:39","guid":{"rendered":"https:\/\/www.vesselspa.com\/jet-thruster\/"},"modified":"2025-11-24T07:10:20","modified_gmt":"2025-11-24T07:10:20","slug":"jet-thruster","status":"publish","type":"page","link":"https:\/\/www.vesselspa.com\/hr\/jet-thruster\/","title":{"rendered":"Jet thruster"},"content":{"rendered":"\n\n  <div class=\"banner has-hover moveon-custom-banner-top-border-radius-1\" id=\"banner-1636562563\">\n          <div class=\"banner-inner fill\">\n        <div class=\"banner-bg fill\" >\n            <img loading=\"lazy\" decoding=\"async\" width=\"1600\" height=\"600\" src=\"https:\/\/www.vesselspa.com\/wp-content\/uploads\/2023\/02\/MG_2505-2.jpg\" class=\"bg attachment-original size-original\" alt=\"\" \/>                        <div class=\"overlay\"><\/div>            \n                    <\/div>\n\t\t\n        <div class=\"banner-layers container\">\n            <div class=\"fill banner-link\"><\/div>            \n\n   <div id=\"text-box-300979372\" class=\"text-box banner-layer x50 md-x50 lg-x50 y50 md-y50 lg-y50 res-text\">\n                                <div class=\"text-box-content text dark\">\n              \n              <div class=\"text-inner text-center\">\n                  \n\n\t<div id=\"text-118222361\" class=\"text\">\n\t\t\n\n<h1 class=\"uppercase\"><strong>JET THRUSTER<\/strong><\/h1>\n\t\t\n<style>\n#text-118222361 {\n  font-size: 0.75rem;\n}\n@media (min-width:550px) {\n  #text-118222361 {\n    font-size: 1rem;\n  }\n}\n<\/style>\n\t<\/div>\n\t\n\t<div class=\"img has-hover x md-x lg-x y md-y lg-y\" id=\"image_1514255007\">\n\t\t\t\t\t\t\t\t<div class=\"img-inner dark\" >\n\t\t\t<img loading=\"lazy\" decoding=\"async\" width=\"670\" height=\"670\" src=\"https:\/\/www.vesselspa.com\/wp-content\/uploads\/2023\/03\/HMP_logo_jetthruster_DEF-1.jpg\" class=\"attachment-large size-large\" alt=\"\" srcset=\"https:\/\/www.vesselspa.com\/wp-content\/uploads\/2023\/03\/HMP_logo_jetthruster_DEF-1.jpg 670w, https:\/\/www.vesselspa.com\/wp-content\/uploads\/2023\/03\/HMP_logo_jetthruster_DEF-1-300x300.jpg 300w, https:\/\/www.vesselspa.com\/wp-content\/uploads\/2023\/03\/HMP_logo_jetthruster_DEF-1-150x150.jpg 150w, https:\/\/www.vesselspa.com\/wp-content\/uploads\/2023\/03\/HMP_logo_jetthruster_DEF-1-600x600.jpg 600w, https:\/\/www.vesselspa.com\/wp-content\/uploads\/2023\/03\/HMP_logo_jetthruster_DEF-1-100x100.jpg 100w\" sizes=\"auto, (max-width: 670px) 100vw, 670px\" \/>\t\t\t\t\t\t\n\t\t\t\t\t<\/div>\n\t\t\t\t\t\t\t\t\n<style>\n#image_1514255007 {\n  width: 10%;\n}\n<\/style>\n\t<\/div>\n\t\n\n\n              <\/div>\n           <\/div>\n                            \n<style>\n#text-box-300979372 {\n  width: 88%;\n}\n#text-box-300979372 .text-box-content {\n  font-size: 100%;\n}\n@media (min-width:550px) {\n  #text-box-300979372 {\n    width: 60%;\n  }\n}\n<\/style>\n    <\/div>\n \n\n        <\/div>\n      <\/div>\n\n            \n<style>\n#banner-1636562563 {\n  padding-top: 150px;\n}\n#banner-1636562563 .overlay {\n  background-color: rgba(0, 0, 0, 0.198);\n}\n#banner-1636562563 .banner-bg img {\n  object-position: 3% 75%;\n}\n@media (min-width:550px) {\n  #banner-1636562563 {\n    padding-top: 300px;\n  }\n}\n<\/style>\n  <\/div>\n\n\n\n\t<section class=\"section\" id=\"section_25918591\">\n\t\t<div class=\"section-bg fill\" >\n\t\t\t\t\t\t\t\t\t\n\t\t\t\n\n\t\t<\/div>\n\n\t\t\n\n\t\t<div class=\"section-content relative\">\n\t\t\t\n\n<div class=\"row row-large align-middle\"  id=\"row-149704973\">\n\n\n\t<div id=\"col-121307726\" class=\"col medium-6 small-12 large-6\"  >\n\t\t\t\t<div class=\"col-inner\"  >\n\t\t\t\n\t\t\t\n\n\n  <div class=\"banner has-hover moveon-custom-image-border-radius-1 has-parallax\" id=\"banner-1229838847\">\n          <div class=\"banner-inner fill\">\n        <div class=\"banner-bg fill\" data-parallax=\"-5\" data-parallax-container=\".banner\" data-parallax-background>\n            <img loading=\"lazy\" decoding=\"async\" width=\"1200\" height=\"800\" src=\"https:\/\/www.vesselspa.com\/wp-content\/uploads\/2023\/02\/IMG_3519.jpg\" class=\"bg attachment-original size-original\" alt=\"\" \/>                        <div class=\"overlay\"><\/div>            \n                    <\/div>\n\t\t\n        <div class=\"banner-layers container\">\n            <div class=\"fill banner-link\"><\/div>            \n\n   <div id=\"text-box-1220386926\" class=\"text-box banner-layer x50 md-x50 lg-x50 y50 md-y50 lg-y50 res-text\">\n                                <div class=\"text-box-content text dark\">\n              \n              <div class=\"text-inner text-center\">\n                  \n\n\n              <\/div>\n           <\/div>\n                            \n<style>\n#text-box-1220386926 {\n  width: 60%;\n}\n#text-box-1220386926 .text-box-content {\n  font-size: 100%;\n}\n<\/style>\n    <\/div>\n \n\n        <\/div>\n      <\/div>\n\n            \n<style>\n#banner-1229838847 {\n  padding-top: 350px;\n}\n#banner-1229838847 .overlay {\n  background-color: rgba(0, 0, 0, 0.198);\n}\n#banner-1229838847 .banner-bg img {\n  object-position: 56% 100%;\n}\n@media (min-width:550px) {\n  #banner-1229838847 {\n    padding-top: 400px;\n  }\n}\n<\/style>\n  <\/div>\n\n\n\n\t\t<\/div>\n\t\t\t\t\t<\/div>\n\n\t\n\n\t<div id=\"col-1323117855\" class=\"col medium-6 small-12 large-6\"  >\n\t\t\t\t<div class=\"col-inner\"  >\n\t\t\t\n\t\t\t\n\n<p>Imate problema kada manevrirate vlastitim brodom u uskim pristani\u0161tima u marinama?! Dozvolite da vam predstavimo JetThruster \u2013 rje\u0161enje va\u0161eg problema kako bi mogli nesmetano u\u017eivati u vo\u017enji brodom.<\/p>\n<p>JET THRUSTER sistem baziran je na usisavanju mora s vanjske strane broda kroz bo\u010dne mlaznice na krmi i\/ili pramcu. Sustav JET THRUSTER sastoji se od sna\u017ene centrifugalne pumpe, 3-smjernog ventila i elektroni\u010dkog nadzora. Budu\u0107i da JET THRUSTER ne koristi propeler, radi bez zna\u010dajne kavitacijske buke.<\/p>\n<p>JET THRUSTER ne zahtijeva klasi\u010dnu cijev, njegova malznica ima promjer od samo 60 mm. Stoga je JET THRUSTER pogodan za ugradnju na plovila gdje klasi\u010dni sustavi imaju premalo prostora. \u0160tovi\u0161e, mlaznice za raspr\u0161ivanje mogu se montirati u gotovo nepristupa\u010dnim prostorima.<\/p>\n\n\t\t<\/div>\n\t\t\t\t\t<\/div>\n\n\t\n\n<\/div>\n\n\t\t<\/div>\n\n\t\t\n<style>\n#section_25918591 {\n  padding-top: 50px;\n  padding-bottom: 50px;\n}\n<\/style>\n\t<\/section>\n\t\n\n\t<section class=\"section\" id=\"section_1713672354\">\n\t\t<div class=\"section-bg fill\" >\n\t\t\t\t\t\t\t\t\t\n\t\t\t\n\n\t\t<\/div>\n\n\t\t\n\n\t\t<div class=\"section-content relative\">\n\t\t\t\n\n<div class=\"row row-large align-middle\"  id=\"row-1567482920\">\n\n\n\t<div id=\"col-1278034722\" class=\"col medium-6 small-12 large-6\"  >\n\t\t\t\t<div class=\"col-inner\"  >\n\t\t\t\n\t\t\t\n\n<p>JET THRUSTER je inovativni sustav pogodan za ugradnju u sve vrste plovila. Relativno jednostavna monta\u017ea mo\u017ee se izvesti u svakom brodogradili\u0161tu ili marini, a obi\u010dno je br\u017ea u usporedbi s ugradnjom tunelskih thrustera.<\/p>\n<p>JET THRUSTER je ponosno dizajniran i proizveden u Nizozemskoj od strane Holland Marine Parts <a href=\"https:\/\/www.jetthruster.com\">https:\/\/www.jetthruster.com<\/a><\/p>\n<p>Ove godine slavimo 10. ro\u0111endan.<\/p>\n<p>Za vi\u0161e informacija molim kontaktirati na <a href=\"mailto:info@vesselspa.com\">info@vesselspa.com<\/a> or +386 (0) 40 231 372<\/p>\n\n\t\t<\/div>\n\t\t\t\t\t<\/div>\n\n\t\n\n\t<div id=\"col-1703529904\" class=\"col medium-6 small-12 large-6\"  >\n\t\t\t\t<div class=\"col-inner\"  >\n\t\t\t\n\t\t\t\n\n\n  <div class=\"banner has-hover moveon-custom-image-border-radius-2 has-parallax\" id=\"banner-78729134\">\n          <div class=\"banner-inner fill\">\n        <div class=\"banner-bg fill\" data-parallax=\"-5\" data-parallax-container=\".banner\" data-parallax-background>\n            <img loading=\"lazy\" decoding=\"async\" width=\"1200\" height=\"800\" src=\"https:\/\/www.vesselspa.com\/wp-content\/uploads\/2023\/02\/DSC_0218.jpg\" class=\"bg attachment-original size-original\" alt=\"\" \/>                        <div class=\"overlay\"><\/div>            \n                    <\/div>\n\t\t\n        <div class=\"banner-layers container\">\n            <div class=\"fill banner-link\"><\/div>            \n\n   <div id=\"text-box-1640468945\" class=\"text-box banner-layer x50 md-x50 lg-x50 y50 md-y50 lg-y50 res-text\">\n                                <div class=\"text-box-content text dark\">\n              \n              <div class=\"text-inner text-center\">\n                  \n\n\n              <\/div>\n           <\/div>\n                            \n<style>\n#text-box-1640468945 {\n  width: 60%;\n}\n#text-box-1640468945 .text-box-content {\n  font-size: 100%;\n}\n@media (min-width:550px) {\n  #text-box-1640468945 {\n    width: 60%;\n  }\n}\n<\/style>\n    <\/div>\n \n\n        <\/div>\n      <\/div>\n\n            \n<style>\n#banner-78729134 {\n  padding-top: 350px;\n}\n#banner-78729134 .overlay {\n  background-color: rgba(0, 0, 0, 0.198);\n}\n#banner-78729134 .banner-bg img {\n  object-position: 7% 76%;\n}\n@media (min-width:550px) {\n  #banner-78729134 {\n    padding-top: 400px;\n  }\n}\n<\/style>\n  <\/div>\n\n\n\n\t\t<\/div>\n\t\t\t\t\t<\/div>\n\n\t\n\n<\/div>\n\n\t\t<\/div>\n\n\t\t\n<style>\n#section_1713672354 {\n  padding-top: 50px;\n  padding-bottom: 50px;\n}\n<\/style>\n\t<\/section>\n\t\n\n\t<section class=\"section\" id=\"section_391325388\">\n\t\t<div class=\"section-bg fill\" >\n\t\t\t\t\t\t\t\t\t\n\t\t\t\n\n\t\t<\/div>\n\n\t\t\n\n\t\t<div class=\"section-content relative\">\n\t\t\t\n\n<div class=\"row\"  id=\"row-2031688999\">\n\n\n\t<div id=\"col-208425616\" class=\"col small-12 large-12\"  >\n\t\t\t\t<div class=\"col-inner\"  >\n\t\t\t\n\t\t\t\n\n<h2>PODR\u0160KA I PREUZIMANJA<\/h2>\n\n\t\t<\/div>\n\t\t\t\t\t<\/div>\n\n\t\n\n<\/div>\n<div class=\"row row-collapse\"  id=\"row-744957896\">\n\n\n\t<div id=\"col-2121039965\" class=\"col medium-4 small-12 large-4\"  >\n\t\t\t\t<div class=\"col-inner\"  >\n\t\t\t\n\t\t\t\n\n\t<div class=\"box has-hover   has-hover box-text-bottom\" >\n\n\t\t<div class=\"box-image\" style=\"width:50%;\">\n\t\t\t\t\t\t<div class=\"\" >\n\t\t\t\t<img loading=\"lazy\" decoding=\"async\" width=\"600\" height=\"851\" src=\"https:\/\/www.vesselspa.com\/wp-content\/uploads\/2023\/03\/cenik-copy-1.jpg\" class=\"attachment-original size-original\" alt=\"\" srcset=\"https:\/\/www.vesselspa.com\/wp-content\/uploads\/2023\/03\/cenik-copy-1.jpg 600w, https:\/\/www.vesselspa.com\/wp-content\/uploads\/2023\/03\/cenik-copy-1-212x300.jpg 212w\" sizes=\"auto, (max-width: 600px) 100vw, 600px\" \/>\t\t\t\t\t\t\t\t\t\t\t<\/div>\n\t\t\t\t\t<\/div>\n\n\t\t<div class=\"box-text text-center\" >\n\t\t\t<div class=\"box-text-inner\">\n\t\t\t\t\n\n<a class=\"button primary is-link is-smaller\" >\n\t\t<span>PRELISTAJ KATALOG \u276f<\/span>\n\t<\/a>\n\n\n\n\t\t\t<\/div>\n\t\t<\/div>\n\t<\/div>\n\t\n\n\t\t<\/div>\n\t\t\t\t\t<\/div>\n\n\t\n\n\t<div id=\"col-685192344\" class=\"col medium-4 small-12 large-4\"  >\n\t\t\t\t<div class=\"col-inner\"  >\n\t\t\t\n\t\t\t\n\n\t<div class=\"box has-hover   has-hover box-text-bottom\" >\n\n\t\t<div class=\"box-image\" style=\"width:50%;\">\n\t\t\t\t\t\t<div class=\"\" >\n\t\t\t\t<img loading=\"lazy\" decoding=\"async\" width=\"265\" height=\"365\" src=\"https:\/\/www.vesselspa.com\/wp-content\/uploads\/2023\/03\/2-3.jpg\" class=\"attachment-original size-original\" alt=\"\" srcset=\"https:\/\/www.vesselspa.com\/wp-content\/uploads\/2023\/03\/2-3.jpg 265w, https:\/\/www.vesselspa.com\/wp-content\/uploads\/2023\/03\/2-3-218x300.jpg 218w\" sizes=\"auto, (max-width: 265px) 100vw, 265px\" \/>\t\t\t\t\t\t\t\t\t\t\t<\/div>\n\t\t\t\t\t<\/div>\n\n\t\t<div class=\"box-text text-center\" >\n\t\t\t<div class=\"box-text-inner\">\n\t\t\t\t\n\n<a class=\"button primary is-link is-smaller\" >\n\t\t<span>PRELISTAJ KATALOG \u276f<\/span>\n\t<\/a>\n\n\n\n\t\t\t<\/div>\n\t\t<\/div>\n\t<\/div>\n\t\n\n\t\t<\/div>\n\t\t\t\t\t<\/div>\n\n\t\n\n\t<div id=\"col-628325045\" class=\"col medium-4 small-12 large-4\"  >\n\t\t\t\t<div class=\"col-inner\"  >\n\t\t\t\n\t\t\t\n\n\t<div class=\"box has-hover   has-hover box-text-bottom\" >\n\n\t\t<div class=\"box-image\" style=\"width:50%;\">\n\t\t\t\t\t\t<div class=\"\" >\n\t\t\t\t<img loading=\"lazy\" decoding=\"async\" width=\"265\" height=\"365\" src=\"https:\/\/www.vesselspa.com\/wp-content\/uploads\/2023\/03\/1-1.jpg\" class=\"attachment-original size-original\" alt=\"\" srcset=\"https:\/\/www.vesselspa.com\/wp-content\/uploads\/2023\/03\/1-1.jpg 265w, https:\/\/www.vesselspa.com\/wp-content\/uploads\/2023\/03\/1-1-218x300.jpg 218w\" sizes=\"auto, (max-width: 265px) 100vw, 265px\" \/>\t\t\t\t\t\t\t\t\t\t\t<\/div>\n\t\t\t\t\t<\/div>\n\n\t\t<div class=\"box-text text-center\" >\n\t\t\t<div class=\"box-text-inner\">\n\t\t\t\t\n\n<a href=\"https:\/\/issuu.com\/hollandmarineparts\/docs\/d-010-04_new_inst_manual_alg_gb__co\" target=\"_blank\" class=\"button primary is-link is-smaller\" rel=\"noopener\" >\n\t\t<span>PRELISTAJ KATALOG \u276f<\/span>\n\t<\/a>\n\n\n\n\t\t\t<\/div>\n\t\t<\/div>\n\t<\/div>\n\t\n\n\t\t<\/div>\n\t\t\t\t\t<\/div>\n\n\t\n\n<\/div>\n\n\t\t<\/div>\n\n\t\t\n<style>\n#section_391325388 {\n  padding-top: 30px;\n  padding-bottom: 30px;\n}\n<\/style>\n\t<\/section>\n\t\n\n\t<section class=\"section footer-banner\" id=\"section_1946258049\">\n\t\t<div class=\"section-bg fill\" >\n\t\t\t\t\t\t\t\t\t\n\t\t\t\n\n\t\t<\/div>\n\n\t\t\n\n\t\t<div class=\"section-content relative\">\n\t\t\t\n\n<div class=\"row row-collapse align-middle\"  id=\"row-599241588\">\n\n\n\t<div id=\"col-1862696543\" class=\"col medium-6 small-12 large-6\"  >\n\t\t\t\t<div class=\"col-inner text-center dark\"  >\n\t\t\t\n\t\t\t\n\n\t<div id=\"text-3031131194\" class=\"text\">\n\t\t\n\n<h2>Model, tehni\u010dke specifikacije i cijene.<\/h2>\n\n\t\t\n<style>\n#text-3031131194 {\n  font-size: 1rem;\n  text-align: center;\n}\n<\/style>\n\t<\/div>\n\t\n\n\t\t<\/div>\n\t\t\t\t\t<\/div>\n\n\t\n\n\t<div id=\"col-2075965805\" class=\"col medium-6 small-12 large-6\"  >\n\t\t\t\t<div class=\"col-inner text-center dark\"  >\n\t\t\t\n\t\t\t\n\n<a href=\"https:\/\/www.vesselspa.com\/hr\/proizvodi\/?filter_znamka=jet-thruster-hr\" class=\"button primary custom-button-home\" >\n\t\t<span>Pogledajte proizvode<\/span>\n\t<\/a>\n\n\n\n\t\t<\/div>\n\t\t\t\t\n<style>\n#col-2075965805 > .col-inner {\n  margin: -20px 0px 0px 0px;\n}\n<\/style>\n\t<\/div>\n\n\t\n\n<\/div>\n\n\t\t<\/div>\n\n\t\t\n<style>\n#section_1946258049 {\n  padding-top: 30px;\n  padding-bottom: 30px;\n}\n<\/style>\n\t<\/section>\n\t\n\n","protected":false},"excerpt":{"rendered":"","protected":false},"author":2,"featured_media":0,"parent":0,"menu_order":0,"comment_status":"closed","ping_status":"closed","template":"","meta":{"footnotes":""},"class_list":["post-3076","page","type-page","status-publish","hentry"],"_links":{"self":[{"href":"https:\/\/www.vesselspa.com\/hr\/wp-json\/wp\/v2\/pages\/3076","targetHints":{"allow":["GET"]}}],"collection":[{"href":"https:\/\/www.vesselspa.com\/hr\/wp-json\/wp\/v2\/pages"}],"about":[{"href":"https:\/\/www.vesselspa.com\/hr\/wp-json\/wp\/v2\/types\/page"}],"author":[{"embeddable":true,"href":"https:\/\/www.vesselspa.com\/hr\/wp-json\/wp\/v2\/users\/2"}],"replies":[{"embeddable":true,"href":"https:\/\/www.vesselspa.com\/hr\/wp-json\/wp\/v2\/comments?post=3076"}],"version-history":[{"count":6,"href":"https:\/\/www.vesselspa.com\/hr\/wp-json\/wp\/v2\/pages\/3076\/revisions"}],"predecessor-version":[{"id":3311,"href":"https:\/\/www.vesselspa.com\/hr\/wp-json\/wp\/v2\/pages\/3076\/revisions\/3311"}],"wp:attachment":[{"href":"https:\/\/www.vesselspa.com\/hr\/wp-json\/wp\/v2\/media?parent=3076"}],"curies":[{"name":"wp","href":"https:\/\/api.w.org\/{rel}","templated":true}]}}