{"id":3361,"date":"2025-02-12T06:52:57","date_gmt":"2025-02-12T06:52:57","guid":{"rendered":"https:\/\/www.vesselspa.com\/izdelek\/nadzorna-plosca-auto-flush-module\/"},"modified":"2025-11-28T09:51:47","modified_gmt":"2025-11-28T09:51:47","slug":"nadzorna-plosca-auto-flush-module","status":"publish","type":"product","link":"https:\/\/www.vesselspa.com\/de\/izdelek\/nadzorna-plosca-auto-flush-module\/","title":{"rendered":"Bedienfeld + Auto Flush-Modul"},"content":{"rendered":"<p><strong>Bedienfeld  <\/strong><\/p>\n<ul>\n<li>Strapazierf\u00e4higes, UV-best\u00e4ndiges Geh\u00e4use aus spritzgegossenem ASA-Acryl.<\/li>\n<li>Steuerung des Steuerventils der Hochdruckpumpe.<\/li>\n<li>Integrierte dreistufige LED-Wasserqualit\u00e4tsanzeige.<\/li>\n<li>Das Niederdruckmanometer zeigt an, wann der Vorfilter ausgetauscht werden muss.<\/li>\n<li>Die automatische Sp\u00fclung wird ausgel\u00f6st, wenn der Motor abgestellt wird.<\/li>\n<li>Stromversorgung DC 12V oder 24V.<\/li>\n<\/ul>\n<p>&nbsp;<\/p>\n<p class=\"product-title product_title entry-title\"><strong>Auto Flush Modul<\/strong><\/p>\n<p>Das Autoflush-System umfasst einen Timer, ein Magnetventil und einen Aktivkohlefilter, der es dem Trinkwassersystem Ihres Schiffes erm\u00f6glicht, den Entsalzer alle sieben Tage f\u00fcr ein paar Minuten mit frischem Wasser aus den Tanks zu sp\u00fclen. Der Timer mit einer Kalibriertaste kann zwischen zwei und acht Minuten Sp\u00fclung eingestellt werden, je nachdem, wie stark die Pumpe ist. Ein Aktivkohlefilter neutralisiert jegliches Chlor, das sich in Ihrem Aquarium befinden k\u00f6nnte.<br \/>\nDie Zeitschaltuhr und das Solenoid werden mit 12-24VDC betrieben. Eine Seite des Systems wird an den Frischwasseranschluss Ihres Bootes und die andere Seite an Ihren Rainman (PSU) angeschlossen.<\/p>\n<p>Das System wird mit zwei Aktivkohlefilterpatronen geliefert, die alle sechs Monate ausgetauscht werden m\u00fcssen.<br \/>\nVollst\u00e4ndig kompatibel mit allen installierten Rainman-Systemen.<\/p>\n<p>&nbsp;<\/p>\n<p>&nbsp;<\/p>\n","protected":false},"excerpt":{"rendered":"<p>Abmessungen des Panels<strong>: 280 x 280 mm, Ausschnittgr\u00f6\u00dfe: 250 x 250 mm.<\/strong><\/p>\n<p>Abmessungen des Geh\u00e4uses:<strong> 280 x 280 x 151 mm.<\/strong><\/p>\n","protected":false},"featured_media":2461,"comment_status":"closed","ping_status":"closed","template":"","meta":[],"product_brand":[],"product_cat":[244],"product_tag":[],"class_list":{"0":"post-3361","1":"product","2":"type-product","3":"status-publish","4":"has-post-thumbnail","6":"product_cat-rainman-watermaker-de","7":"product_shipping_class-paket-m-de","9":"first","10":"instock","11":"taxable","12":"shipping-taxable","13":"purchasable","14":"product-type-simple"},"_links":{"self":[{"href":"https:\/\/www.vesselspa.com\/de\/wp-json\/wp\/v2\/product\/3361","targetHints":{"allow":["GET"]}}],"collection":[{"href":"https:\/\/www.vesselspa.com\/de\/wp-json\/wp\/v2\/product"}],"about":[{"href":"https:\/\/www.vesselspa.com\/de\/wp-json\/wp\/v2\/types\/product"}],"replies":[{"embeddable":true,"href":"https:\/\/www.vesselspa.com\/de\/wp-json\/wp\/v2\/comments?post=3361"}],"wp:featuredmedia":[{"embeddable":true,"href":"https:\/\/www.vesselspa.com\/de\/wp-json\/wp\/v2\/media\/2461"}],"wp:attachment":[{"href":"https:\/\/www.vesselspa.com\/de\/wp-json\/wp\/v2\/media?parent=3361"}],"wp:term":[{"taxonomy":"product_brand","embeddable":true,"href":"https:\/\/www.vesselspa.com\/de\/wp-json\/wp\/v2\/product_brand?post=3361"},{"taxonomy":"product_cat","embeddable":true,"href":"https:\/\/www.vesselspa.com\/de\/wp-json\/wp\/v2\/product_cat?post=3361"},{"taxonomy":"product_tag","embeddable":true,"href":"https:\/\/www.vesselspa.com\/de\/wp-json\/wp\/v2\/product_tag?post=3361"}],"curies":[{"name":"wp","href":"https:\/\/api.w.org\/{rel}","templated":true}]}}