{"id":3343,"date":"2025-02-12T06:51:47","date_gmt":"2025-02-12T06:51:47","guid":{"rendered":"https:\/\/www.vesselspa.com\/izdelek\/rainman-auto-control-panel\/"},"modified":"2025-11-27T07:17:47","modified_gmt":"2025-11-27T07:17:47","slug":"rainman-auto-control-panel","status":"publish","type":"product","link":"https:\/\/www.vesselspa.com\/de\/izdelek\/rainman-auto-control-panel\/","title":{"rendered":"Rainman Auto Control Panel"},"content":{"rendered":"","protected":false},"excerpt":{"rendered":"<p class=\"p1\"><b>\u00dcbersicht<\/b><\/p>\n<p class=\"p1\">Die neueste Innovation von Rainman f\u00fchrt eine vollst\u00e4ndige Automatisierung f\u00fcr unsere modularen und Rahmen-Entsalzungssysteme ein. Es erm\u00f6glicht die Steuerung des Systems \u00fcber ein kabelgebundenes Remote-Micro-Panel und eine \u00fcber Bluetooth verbundene Telefon-App. Machen Sie sich keine Sorgen &#8211; das automatisierte System steuert sicher den Druck, verwaltet die produzierte Wassermenge und arbeitet mit S\u00fc\u00df-, Brack- oder Meerwasser.  <\/p>\n<p class=\"p1\"><b>Einfach zu verwalten<\/b><\/p>\n<p class=\"p1\">Das automatische Bedienfeld verf\u00fcgt \u00fcber zwei kleine Mikropanels zur Steuerung des Systems, eines in der Haupttafel in der Entsalzungsanlage und das andere f\u00fcr die kabelgebundene Fernsteuerung. Es enth\u00e4lt die Tasten START und STOP und LED-Anzeigen f\u00fcr RUN, WATER und FLUSH. Der Timer kann eingestellt werden, indem Sie die Taste START einige Sekunden lang gedr\u00fcckt halten. Alternativ kann er auch an einen Schwimmer im Tank angeschlossen werden, so dass sich das System automatisch abschaltet, wenn der Tank voll ist.    <\/p>\n<p>&nbsp;<\/p>\n","protected":false},"featured_media":3323,"comment_status":"closed","ping_status":"closed","template":"","meta":[],"product_brand":[],"product_cat":[244],"product_tag":[],"class_list":{"0":"post-3343","1":"product","2":"type-product","3":"status-publish","4":"has-post-thumbnail","6":"product_cat-rainman-watermaker-de","8":"first","9":"instock","10":"taxable","11":"shipping-taxable","12":"purchasable","13":"product-type-simple"},"_links":{"self":[{"href":"https:\/\/www.vesselspa.com\/de\/wp-json\/wp\/v2\/product\/3343","targetHints":{"allow":["GET"]}}],"collection":[{"href":"https:\/\/www.vesselspa.com\/de\/wp-json\/wp\/v2\/product"}],"about":[{"href":"https:\/\/www.vesselspa.com\/de\/wp-json\/wp\/v2\/types\/product"}],"replies":[{"embeddable":true,"href":"https:\/\/www.vesselspa.com\/de\/wp-json\/wp\/v2\/comments?post=3343"}],"wp:featuredmedia":[{"embeddable":true,"href":"https:\/\/www.vesselspa.com\/de\/wp-json\/wp\/v2\/media\/3323"}],"wp:attachment":[{"href":"https:\/\/www.vesselspa.com\/de\/wp-json\/wp\/v2\/media?parent=3343"}],"wp:term":[{"taxonomy":"product_brand","embeddable":true,"href":"https:\/\/www.vesselspa.com\/de\/wp-json\/wp\/v2\/product_brand?post=3343"},{"taxonomy":"product_cat","embeddable":true,"href":"https:\/\/www.vesselspa.com\/de\/wp-json\/wp\/v2\/product_cat?post=3343"},{"taxonomy":"product_tag","embeddable":true,"href":"https:\/\/www.vesselspa.com\/de\/wp-json\/wp\/v2\/product_tag?post=3343"}],"curies":[{"name":"wp","href":"https:\/\/api.w.org\/{rel}","templated":true}]}}