{"id":2167,"date":"2024-09-18T12:08:16","date_gmt":"2024-09-18T12:08:16","guid":{"rendered":"https:\/\/www.vesselspa.com\/?post_type=product&#038;p=2167"},"modified":"2024-12-06T09:38:54","modified_gmt":"2024-12-06T09:38:54","slug":"autoflush-3","status":"publish","type":"product","link":"https:\/\/www.vesselspa.com\/de\/izdelek\/autoflush-3\/","title":{"rendered":"Autoflush"},"content":{"rendered":"<ul>\n<li><strong>Robuste Konstruktion:<\/strong> Spritzgegossenes, UV-best\u00e4ndiges ASA-Acryl<\/li>\n<li><strong>Steuerungsfunktionen:<\/strong> Ventil- und Manometersteuerung gem\u00e4\u00df dem aktuellen Naked Rainman-System<\/li>\n<li><strong>LED-Anzeige:<\/strong> Integrierte dreifarbige LED zur Anzeige der Wasserqualit\u00e4t<\/li>\n<li><strong>Wartungshinweis:<\/strong> Niederdruckmanometer zeigt an, wann der Vorfilter gewechselt werden muss<\/li>\n<li><strong>Automatische Sp\u00fclung:<\/strong> Automatische Sp\u00fclung wird beim Herunterfahren des Systems ausgel\u00f6st<\/li>\n<li><strong>Einfache Installation:<\/strong> Panel ben\u00f6tigt nur Niederspannungsverkabelung<\/li>\n<\/ul>\n","protected":false},"excerpt":{"rendered":"<p>Robuste Konstruktion: Spritzgegossenes, UV-best\u00e4ndiges ASA-Acryl Steuerungsfunktionen: Ventil- und Manometersteuerung gem\u00e4\u00df dem aktuellen Naked Rainman-System LED-Anzeige: Integrierte dreifarbige LED zur Anzeige der Wasserqualit\u00e4t Wartungshinweis: Niederdruckmanometer zeigt an, wann der Vorfilter gewechselt werden muss Automatische Sp\u00fclung: Automatische Sp\u00fclung wird beim Herunterfahren des Systems ausgel\u00f6st Einfache Installation: Panel ben\u00f6tigt nur Niederspannungsverkabelung<\/p>\n","protected":false},"featured_media":2673,"comment_status":"closed","ping_status":"closed","template":"","meta":[],"product_brand":[],"product_cat":[244],"product_tag":[],"class_list":{"0":"post-2167","1":"product","2":"type-product","3":"status-publish","4":"has-post-thumbnail","6":"product_cat-rainman-watermaker-de","7":"product_shipping_class-paket-m-de","9":"first","10":"instock","11":"taxable","12":"shipping-taxable","13":"purchasable","14":"product-type-simple"},"_links":{"self":[{"href":"https:\/\/www.vesselspa.com\/de\/wp-json\/wp\/v2\/product\/2167","targetHints":{"allow":["GET"]}}],"collection":[{"href":"https:\/\/www.vesselspa.com\/de\/wp-json\/wp\/v2\/product"}],"about":[{"href":"https:\/\/www.vesselspa.com\/de\/wp-json\/wp\/v2\/types\/product"}],"replies":[{"embeddable":true,"href":"https:\/\/www.vesselspa.com\/de\/wp-json\/wp\/v2\/comments?post=2167"}],"wp:featuredmedia":[{"embeddable":true,"href":"https:\/\/www.vesselspa.com\/de\/wp-json\/wp\/v2\/media\/2673"}],"wp:attachment":[{"href":"https:\/\/www.vesselspa.com\/de\/wp-json\/wp\/v2\/media?parent=2167"}],"wp:term":[{"taxonomy":"product_brand","embeddable":true,"href":"https:\/\/www.vesselspa.com\/de\/wp-json\/wp\/v2\/product_brand?post=2167"},{"taxonomy":"product_cat","embeddable":true,"href":"https:\/\/www.vesselspa.com\/de\/wp-json\/wp\/v2\/product_cat?post=2167"},{"taxonomy":"product_tag","embeddable":true,"href":"https:\/\/www.vesselspa.com\/de\/wp-json\/wp\/v2\/product_tag?post=2167"}],"curies":[{"name":"wp","href":"https:\/\/api.w.org\/{rel}","templated":true}]}}