{"id":1677,"date":"2023-03-07T17:11:00","date_gmt":"2023-03-07T17:11:00","guid":{"rendered":"https:\/\/projekti.kolomedia.si\/moveon\/?page_id=1677"},"modified":"2023-03-16T15:25:13","modified_gmt":"2023-03-16T14:25:13","slug":"geschichte","status":"publish","type":"page","link":"https:\/\/www.vesselspa.com\/de\/geschichte\/","title":{"rendered":"Geschichte"},"content":{"rendered":"\n\n  <div class=\"banner has-hover moveon-custom-banner-top-border-radius-1\" id=\"banner-1367388055\">\n          <div class=\"banner-inner fill\">\n        <div class=\"banner-bg fill\" >\n            <img loading=\"lazy\" decoding=\"async\" width=\"2560\" height=\"600\" src=\"https:\/\/www.vesselspa.com\/wp-content\/uploads\/2023\/03\/deck-professional-sailboat-racing-yacht-during-competition-sunny-windy-summer-day-moving-fast-through-waves-water-with-spinnaker-up.jpg\" class=\"bg attachment-original size-original\" alt=\"\" \/>                        <div class=\"overlay\"><\/div>            \n                    <\/div>\n\t\t\n        <div class=\"banner-layers container\">\n            <div class=\"fill banner-link\"><\/div>            \n\n   <div id=\"text-box-2117283561\" class=\"text-box banner-layer x50 md-x50 lg-x50 y50 md-y50 lg-y50 res-text\">\n                                <div class=\"text-box-content text dark\">\n              \n              <div class=\"text-inner text-center\">\n                  \n\n\t<div id=\"text-3414028247\" class=\"text\">\n\t\t\n\n<h1 class=\"uppercase\"><strong>Geshichte<\/strong><\/h1>\n\t\t\n<style>\n#text-3414028247 {\n  font-size: 0.75rem;\n}\n@media (min-width:550px) {\n  #text-3414028247 {\n    font-size: 1rem;\n  }\n}\n<\/style>\n\t<\/div>\n\t\n\n              <\/div>\n           <\/div>\n                            \n<style>\n#text-box-2117283561 {\n  width: 92%;\n}\n#text-box-2117283561 .text-box-content {\n  font-size: 100%;\n}\n@media (min-width:550px) {\n  #text-box-2117283561 {\n    width: 60%;\n  }\n}\n<\/style>\n    <\/div>\n \n\n        <\/div>\n      <\/div>\n\n            \n<style>\n#banner-1367388055 {\n  padding-top: 150px;\n}\n#banner-1367388055 .overlay {\n  background-color: rgba(40, 40, 40, 0.326);\n}\n@media (min-width:550px) {\n  #banner-1367388055 {\n    padding-top: 300px;\n  }\n}\n<\/style>\n  <\/div>\n\n\n\n\t<section class=\"section\" id=\"section_1114063662\">\n\t\t<div class=\"section-bg fill\" >\n\t\t\t\t\t\t\t\t\t\n\t\t\t\n\n\t\t<\/div>\n\n\t\t\n\n\t\t<div class=\"section-content relative\">\n\t\t\t\n\n<div class=\"row row-large align-middle align-center\"  id=\"row-395779150\">\n\n\n\t<div id=\"col-158005676\" class=\"col medium-4 small-12 large-4\"  >\n\t\t\t\t<div class=\"col-inner\"  >\n\t\t\t\n\t\t\t\n\n\n  <div class=\"banner has-hover moveon-custom-image-border-radius-1\" id=\"banner-94781105\">\n          <div class=\"banner-inner fill\">\n        <div class=\"banner-bg fill\" >\n            <img loading=\"lazy\" decoding=\"async\" width=\"768\" height=\"1024\" src=\"https:\/\/www.vesselspa.com\/wp-content\/uploads\/2023\/03\/grega-768x1024.jpg\" class=\"bg attachment-large size-large\" alt=\"\" \/>                                    \n                    <\/div>\n\t\t\n        <div class=\"banner-layers container\">\n            <div class=\"fill banner-link\"><\/div>            \n\n   <div id=\"text-box-1979060400\" class=\"text-box banner-layer x50 md-x50 lg-x50 y50 md-y50 lg-y50 res-text\">\n                                <div class=\"text-box-content text dark\">\n              \n              <div class=\"text-inner text-center\">\n                  \n\n\n              <\/div>\n           <\/div>\n                            \n<style>\n#text-box-1979060400 {\n  width: 60%;\n}\n#text-box-1979060400 .text-box-content {\n  font-size: 100%;\n}\n<\/style>\n    <\/div>\n \n\n        <\/div>\n      <\/div>\n\n            \n<style>\n#banner-94781105 {\n  padding-top: 350px;\n}\n@media (min-width:550px) {\n  #banner-94781105 {\n    padding-top: 500px;\n  }\n}\n<\/style>\n  <\/div>\n\n\n\n\t\t<\/div>\n\t\t\t\t\t<\/div>\n\n\t\n\n\t<div id=\"col-754765744\" class=\"col medium-6 small-12 large-6\"  >\n\t\t\t\t<div class=\"col-inner\"  >\n\t\t\t\n\t\t\t\n\n<p>Mein Name ist Grega Vogelnik und ich bin der Eigent\u00fcmer und Gr\u00fcnder des Unternehmens Vessselspa\u2122. Im Schifffahrtsbereich bin ich schon seit 1997 aktiv, als ich als Instandsetzer im Kundendienst des Unternehmens Elan Marine beruflich t\u00e4tig wurde. Nach einigen Jahren Feldarbeit \u00fcbernahm ich die Leitung des Kundendienstteams und schnell danach auch der Abteilung f\u00fcr Qualit\u00e4t.<\/p>\n<p>Nach neun Jahren wechselte ich zu Seaway (Shipman, Skagen, Greenline), wo ich f\u00fcr den Aufbau des Kundendienstes verantwortlich war.<\/p>\n<p>Zum Erfolg der Greenline-Modele \u2013 in vier Jahren wurden fast 400 Exemplare verkauft \u2013 trug auch der gut organisierte Kundendienst bei.<\/p>\n<p>2013 entschloss ich mich, meine Dienstleistungen auch anderen anzubieten und gr\u00fcndete daher Vessselspa\u2122. Die Schifffahrt begleitet mich schon mein halbes Leben lang und ist ein Bestandteil von mir geworden.<\/p>\n\n\t\t<\/div>\n\t\t\t\t\t<\/div>\n\n\t\n\n<\/div>\n\n\t\t<\/div>\n\n\t\t\n<style>\n#section_1114063662 {\n  padding-top: 50px;\n  padding-bottom: 50px;\n}\n<\/style>\n\t<\/section>\n\t\n\n","protected":false},"excerpt":{"rendered":"","protected":false},"author":2,"featured_media":0,"parent":0,"menu_order":0,"comment_status":"closed","ping_status":"closed","template":"","meta":{"footnotes":""},"class_list":["post-1677","page","type-page","status-publish","hentry"],"_links":{"self":[{"href":"https:\/\/www.vesselspa.com\/de\/wp-json\/wp\/v2\/pages\/1677","targetHints":{"allow":["GET"]}}],"collection":[{"href":"https:\/\/www.vesselspa.com\/de\/wp-json\/wp\/v2\/pages"}],"about":[{"href":"https:\/\/www.vesselspa.com\/de\/wp-json\/wp\/v2\/types\/page"}],"author":[{"embeddable":true,"href":"https:\/\/www.vesselspa.com\/de\/wp-json\/wp\/v2\/users\/2"}],"replies":[{"embeddable":true,"href":"https:\/\/www.vesselspa.com\/de\/wp-json\/wp\/v2\/comments?post=1677"}],"version-history":[{"count":0,"href":"https:\/\/www.vesselspa.com\/de\/wp-json\/wp\/v2\/pages\/1677\/revisions"}],"wp:attachment":[{"href":"https:\/\/www.vesselspa.com\/de\/wp-json\/wp\/v2\/media?parent=1677"}],"curies":[{"name":"wp","href":"https:\/\/api.w.org\/{rel}","templated":true}]}}