{"id":1668,"date":"2023-02-22T17:12:39","date_gmt":"2023-02-22T17:12:39","guid":{"rendered":"https:\/\/projekti.kolomedia.si\/moveon\/?page_id=1668"},"modified":"2025-11-21T10:52:33","modified_gmt":"2025-11-21T10:52:33","slug":"jet-thruster-de","status":"publish","type":"page","link":"https:\/\/www.vesselspa.com\/de\/jet-thruster-de\/","title":{"rendered":"Jet thruster"},"content":{"rendered":"\n\n  <div class=\"banner has-hover moveon-custom-banner-top-border-radius-1\" id=\"banner-1960786577\">\n          <div class=\"banner-inner fill\">\n        <div class=\"banner-bg fill\" >\n            <img loading=\"lazy\" decoding=\"async\" width=\"1600\" height=\"600\" src=\"https:\/\/www.vesselspa.com\/wp-content\/uploads\/2023\/02\/MG_2505-2.jpg\" class=\"bg attachment-original size-original\" alt=\"\" \/>                        <div class=\"overlay\"><\/div>            \n                    <\/div>\n\t\t\n        <div class=\"banner-layers container\">\n            <div class=\"fill banner-link\"><\/div>            \n\n   <div id=\"text-box-244822873\" class=\"text-box banner-layer x50 md-x50 lg-x50 y90 md-y85 lg-y85 res-text\">\n                                <div class=\"text-box-content text dark\">\n              \n              <div class=\"text-inner text-center\">\n                  \n\n\t<div id=\"text-3286996158\" class=\"text\">\n\t\t\n\n<h1 class=\"uppercase\"><strong>JET THRUSTER<\/strong><\/h1>\n\t\t\n<style>\n#text-3286996158 {\n  font-size: 0.75rem;\n}\n@media (min-width:550px) {\n  #text-3286996158 {\n    font-size: 1rem;\n  }\n}\n<\/style>\n\t<\/div>\n\t\n\t<div class=\"img has-hover x md-x lg-x y md-y lg-y\" id=\"image_1855913595\">\n\t\t\t\t\t\t\t\t<div class=\"img-inner dark\" >\n\t\t\t<img loading=\"lazy\" decoding=\"async\" width=\"670\" height=\"670\" src=\"https:\/\/www.vesselspa.com\/wp-content\/uploads\/2023\/03\/HMP_logo_jetthruster_DEF-1.jpg\" class=\"attachment-large size-large\" alt=\"\" srcset=\"https:\/\/www.vesselspa.com\/wp-content\/uploads\/2023\/03\/HMP_logo_jetthruster_DEF-1.jpg 670w, https:\/\/www.vesselspa.com\/wp-content\/uploads\/2023\/03\/HMP_logo_jetthruster_DEF-1-300x300.jpg 300w, https:\/\/www.vesselspa.com\/wp-content\/uploads\/2023\/03\/HMP_logo_jetthruster_DEF-1-150x150.jpg 150w, https:\/\/www.vesselspa.com\/wp-content\/uploads\/2023\/03\/HMP_logo_jetthruster_DEF-1-600x600.jpg 600w, https:\/\/www.vesselspa.com\/wp-content\/uploads\/2023\/03\/HMP_logo_jetthruster_DEF-1-100x100.jpg 100w\" sizes=\"auto, (max-width: 670px) 100vw, 670px\" \/>\t\t\t\t\t\t\n\t\t\t\t\t<\/div>\n\t\t\t\t\t\t\t\t\n<style>\n#image_1855913595 {\n  width: 15%;\n}\n@media (min-width:550px) {\n  #image_1855913595 {\n    width: 10%;\n  }\n}\n<\/style>\n\t<\/div>\n\t\n\n\n              <\/div>\n           <\/div>\n                            \n<style>\n#text-box-244822873 {\n  width: 88%;\n}\n#text-box-244822873 .text-box-content {\n  font-size: 100%;\n}\n@media (min-width:550px) {\n  #text-box-244822873 {\n    width: 60%;\n  }\n}\n<\/style>\n    <\/div>\n \n\n        <\/div>\n      <\/div>\n\n            \n<style>\n#banner-1960786577 {\n  padding-top: 150px;\n}\n#banner-1960786577 .overlay {\n  background-color: rgba(0, 0, 0, 0.198);\n}\n#banner-1960786577 .banner-bg img {\n  object-position: 3% 75%;\n}\n@media (min-width:550px) {\n  #banner-1960786577 {\n    padding-top: 300px;\n  }\n}\n<\/style>\n  <\/div>\n\n\n\n\t<section class=\"section\" id=\"section_424307371\">\n\t\t<div class=\"section-bg fill\" >\n\t\t\t\t\t\t\t\t\t\n\t\t\t\n\n\t\t<\/div>\n\n\t\t\n\n\t\t<div class=\"section-content relative\">\n\t\t\t\n\n<div class=\"row row-large align-middle\"  id=\"row-1173443998\">\n\n\n\t<div id=\"col-889391011\" class=\"col medium-6 small-12 large-6\"  >\n\t\t\t\t<div class=\"col-inner\"  >\n\t\t\t\n\t\t\t\n\n\n  <div class=\"banner has-hover moveon-custom-image-border-radius-1 has-parallax\" id=\"banner-1112279210\">\n          <div class=\"banner-inner fill\">\n        <div class=\"banner-bg fill\" data-parallax=\"-5\" data-parallax-container=\".banner\" data-parallax-background>\n            <img loading=\"lazy\" decoding=\"async\" width=\"1200\" height=\"800\" src=\"https:\/\/www.vesselspa.com\/wp-content\/uploads\/2023\/02\/IMG_3519.jpg\" class=\"bg attachment-original size-original\" alt=\"\" \/>                        <div class=\"overlay\"><\/div>            \n                    <\/div>\n\t\t\n        <div class=\"banner-layers container\">\n            <div class=\"fill banner-link\"><\/div>            \n\n   <div id=\"text-box-822817441\" class=\"text-box banner-layer x50 md-x50 lg-x50 y50 md-y50 lg-y50 res-text\">\n                                <div class=\"text-box-content text dark\">\n              \n              <div class=\"text-inner text-center\">\n                  \n\n\n              <\/div>\n           <\/div>\n                            \n<style>\n#text-box-822817441 {\n  width: 60%;\n}\n#text-box-822817441 .text-box-content {\n  font-size: 100%;\n}\n<\/style>\n    <\/div>\n \n\n        <\/div>\n      <\/div>\n\n            \n<style>\n#banner-1112279210 {\n  padding-top: 350px;\n}\n#banner-1112279210 .overlay {\n  background-color: rgba(0, 0, 0, 0.198);\n}\n#banner-1112279210 .banner-bg img {\n  object-position: 56% 100%;\n}\n@media (min-width:550px) {\n  #banner-1112279210 {\n    padding-top: 400px;\n  }\n}\n<\/style>\n  <\/div>\n\n\n\n\t\t<\/div>\n\t\t\t\t\t<\/div>\n\n\t\n\n\t<div id=\"col-792117650\" class=\"col medium-6 small-12 large-6\"  >\n\t\t\t\t<div class=\"col-inner\"  >\n\t\t\t\n\t\t\t\n\n<p>Haben Sie Schwierigkeiten beim Man\u00f6vrieren Ihres Wasserfahrzeugs in engen Jachth\u00e4fen? Dann gestatten Sie uns, Ihnen den JetThruster vorzustellen, der Ihre Probleme l\u00f6st und Sie bei einer m\u00fchelosen Schifffahrt entspannen l\u00e4sst.<\/p>\n<p>Die Funktionsweise des JetThrusters basiert auf der Entnahme des externen Wassers, das anschlie\u00dfend durch die Seitend\u00fcsen am Schiffsheck und\/oder -bug gedr\u00e4ngt wird. Das JetThruster-System besteht aus einer Zentrifugalpumpe und einem 3-Wegeventil und wird elektronisch \u00fcberwacht. Da der JetThruster keine Schiffsschraube ben\u00f6tigt, entsteht bei seiner Funktion kein Kavitationsger\u00e4usch.<\/p>\n<p>Der JetThruster erfordert keinen klassischen Tunnel und die \u00d6ffnungen im Rumpf weisen nur einen Durchmesser von 60&nbsp;mm auf. Daher eignet er sich f\u00fcr Wasserfahrzeuge, die nicht genug Platz f\u00fcr klassische derartige Systeme haben.<\/p>\n<p>Dar\u00fcber hinaus lassen sich Spritzd\u00fcsen an \u00e4u\u00dferen Enden des Wasserfahrzeugs montieren und verbessern die Effizienz und das Man\u00f6vrieren.<\/p>\n\n\t\t<\/div>\n\t\t\t\t\t<\/div>\n\n\t\n\n<\/div>\n\n\t\t<\/div>\n\n\t\t\n<style>\n#section_424307371 {\n  padding-top: 50px;\n  padding-bottom: 50px;\n}\n<\/style>\n\t<\/section>\n\t\n\n\t<section class=\"section\" id=\"section_80090517\">\n\t\t<div class=\"section-bg fill\" >\n\t\t\t\t\t\t\t\t\t\n\t\t\t\n\n\t\t<\/div>\n\n\t\t\n\n\t\t<div class=\"section-content relative\">\n\t\t\t\n\n<div class=\"row row-large align-middle\"  id=\"row-302885535\">\n\n\n\t<div id=\"col-538513736\" class=\"col medium-6 small-12 large-6\"  >\n\t\t\t\t<div class=\"col-inner\"  >\n\t\t\t\n\t\t\t\n\n<p>Der JetThruster ist ein innovatives System geeignet zur Montage in Booten aller Art. Die relativ einfache Installation l\u00e4sst sich in jeder Werft oder Jachthafen ausf\u00fchren, gew\u00f6hnlich schneller als die Montage eines Strahlruders.<\/p>\n<p>JET THRUSTER wird mit Stolz in den Niederlanden entworfen und hergestellt by Hollnad Marine Parts&nbsp;<a href=\"https:\/\/www.jetthruster.com\/\">https:\/\/www.jetthruster.com<\/a><\/p>\n<p>In diesem Jahr feiern wir seinen 10. Geburtstag.<\/p>\n<p>Der Preis h\u00e4ngt von der Gr\u00f6\u00dfe und Konfiguration Ihres Bootes. F\u00fcr alle weiteren Informationen besuchen Sie uns bitte unter info@vesselspa.com oder rufen Sie uns an Telefonnummer +386 40 231 372.<\/p>\n<ul>\n<li><strong>JT30 single&nbsp;<\/strong>(12V \/ 3kW \/ 30Kgf)<\/li>\n<li><strong>JT50 Single&nbsp;<\/strong>(24V \/ 6kW \/ 50Kgf)<\/li>\n<li><strong>JT70 Combi&nbsp;<\/strong>(24V or 48V \/ 11kW \/ 70Kgf)<\/li>\n<li><strong>JT70 Single&nbsp;<\/strong>(24V or 48V \/ 11kW \/ 70Kgf)<\/li>\n<li><strong>JT90 Combi&nbsp;<\/strong>(24V or 48V \/ 15,5kW \/ 90Kgf)<\/li>\n<li><strong>JT90 Single&nbsp;<\/strong>(24V or 48V \/ 15,5kW \/ 90Kgf)<\/li>\n<\/ul>\n\n\t\t<\/div>\n\t\t\t\t\t<\/div>\n\n\t\n\n\t<div id=\"col-320607311\" class=\"col medium-6 small-12 large-6\"  >\n\t\t\t\t<div class=\"col-inner\"  >\n\t\t\t\n\t\t\t\n\n\n  <div class=\"banner has-hover moveon-custom-image-border-radius-2 has-parallax\" id=\"banner-1875455388\">\n          <div class=\"banner-inner fill\">\n        <div class=\"banner-bg fill\" data-parallax=\"-5\" data-parallax-container=\".banner\" data-parallax-background>\n            <img loading=\"lazy\" decoding=\"async\" width=\"1200\" height=\"800\" src=\"https:\/\/www.vesselspa.com\/wp-content\/uploads\/2023\/02\/DSC_0218.jpg\" class=\"bg attachment-original size-original\" alt=\"\" \/>                        <div class=\"overlay\"><\/div>            \n                    <\/div>\n\t\t\n        <div class=\"banner-layers container\">\n            <div class=\"fill banner-link\"><\/div>            \n\n\n        <\/div>\n      <\/div>\n\n            \n<style>\n#banner-1875455388 {\n  padding-top: 350px;\n}\n#banner-1875455388 .overlay {\n  background-color: rgba(0, 0, 0, 0.198);\n}\n#banner-1875455388 .banner-bg img {\n  object-position: 7% 76%;\n}\n@media (min-width:550px) {\n  #banner-1875455388 {\n    padding-top: 400px;\n  }\n}\n<\/style>\n  <\/div>\n\n\n\n\t\t<\/div>\n\t\t\t\t\t<\/div>\n\n\t\n\n<\/div>\n\n\t\t<\/div>\n\n\t\t\n<style>\n#section_80090517 {\n  padding-top: 50px;\n  padding-bottom: 50px;\n}\n<\/style>\n\t<\/section>\n\t\n\n\t<section class=\"section\" id=\"section_613158327\">\n\t\t<div class=\"section-bg fill\" >\n\t\t\t\t\t\t\t\t\t\n\t\t\t\n\n\t\t<\/div>\n\n\t\t\n\n\t\t<div class=\"section-content relative\">\n\t\t\t\n\n<div class=\"row\"  id=\"row-724658674\">\n\n\n\t<div id=\"col-646198447\" class=\"col small-12 large-12\"  >\n\t\t\t\t<div class=\"col-inner\"  >\n\t\t\t\n\t\t\t\n\n<h2>Podpora in prenosi<\/h2>\n\n\t\t<\/div>\n\t\t\t\t\t<\/div>\n\n\t\n\n<\/div>\n<div class=\"row row-collapse\"  id=\"row-982898852\">\n\n\n\t<div id=\"col-913375073\" class=\"col medium-4 small-12 large-4\"  >\n\t\t\t\t<div class=\"col-inner\"  >\n\t\t\t\n\t\t\t\n\n\t<div class=\"box has-hover   has-hover box-text-bottom\" >\n\n\t\t<div class=\"box-image\" style=\"width:50%;\">\n\t\t\t\t\t\t<div class=\"\" >\n\t\t\t\t<img loading=\"lazy\" decoding=\"async\" width=\"600\" height=\"851\" src=\"https:\/\/www.vesselspa.com\/wp-content\/uploads\/2023\/03\/cenik-copy-1.jpg\" class=\"attachment-original size-original\" alt=\"\" srcset=\"https:\/\/www.vesselspa.com\/wp-content\/uploads\/2023\/03\/cenik-copy-1.jpg 600w, https:\/\/www.vesselspa.com\/wp-content\/uploads\/2023\/03\/cenik-copy-1-212x300.jpg 212w\" sizes=\"auto, (max-width: 600px) 100vw, 600px\" \/>\t\t\t\t\t\t\t\t\t\t\t<\/div>\n\t\t\t\t\t<\/div>\n\n\t\t<div class=\"box-text text-center\" >\n\t\t\t<div class=\"box-text-inner\">\n\t\t\t\t\n\n<a class=\"button primary is-link is-smaller\" >\n\t\t<span>Poglej katalog \u276f<\/span>\n\t<\/a>\n\n\n\n\t\t\t<\/div>\n\t\t<\/div>\n\t<\/div>\n\t\n\n\t\t<\/div>\n\t\t\t\t\t<\/div>\n\n\t\n\n\t<div id=\"col-560865421\" class=\"col medium-4 small-12 large-4\"  >\n\t\t\t\t<div class=\"col-inner\"  >\n\t\t\t\n\t\t\t\n\n\t<div class=\"box has-hover   has-hover box-text-bottom\" >\n\n\t\t<div class=\"box-image\" style=\"width:50%;\">\n\t\t\t\t\t\t<div class=\"\" >\n\t\t\t\t<img loading=\"lazy\" decoding=\"async\" width=\"600\" height=\"851\" src=\"https:\/\/www.vesselspa.com\/wp-content\/uploads\/2023\/03\/cenik-copy-1.jpg\" class=\"attachment-original size-original\" alt=\"\" srcset=\"https:\/\/www.vesselspa.com\/wp-content\/uploads\/2023\/03\/cenik-copy-1.jpg 600w, https:\/\/www.vesselspa.com\/wp-content\/uploads\/2023\/03\/cenik-copy-1-212x300.jpg 212w\" sizes=\"auto, (max-width: 600px) 100vw, 600px\" \/>\t\t\t\t\t\t\t\t\t\t\t<\/div>\n\t\t\t\t\t<\/div>\n\n\t\t<div class=\"box-text text-center\" >\n\t\t\t<div class=\"box-text-inner\">\n\t\t\t\t\n\n<a class=\"button primary is-link is-smaller\" >\n\t\t<span>Poglej katalog \u276f<\/span>\n\t<\/a>\n\n\n\n\t\t\t<\/div>\n\t\t<\/div>\n\t<\/div>\n\t\n\n\t\t<\/div>\n\t\t\t\t\t<\/div>\n\n\t\n\n\t<div id=\"col-599400780\" class=\"col medium-4 small-12 large-4\"  >\n\t\t\t\t<div class=\"col-inner\"  >\n\t\t\t\n\t\t\t\n\n\t<div class=\"box has-hover   has-hover box-text-bottom\" >\n\n\t\t<div class=\"box-image\" style=\"width:50%;\">\n\t\t\t\t\t\t<div class=\"\" >\n\t\t\t\t<img loading=\"lazy\" decoding=\"async\" width=\"600\" height=\"851\" src=\"https:\/\/www.vesselspa.com\/wp-content\/uploads\/2023\/03\/cenik-copy-1.jpg\" class=\"attachment-original size-original\" alt=\"\" srcset=\"https:\/\/www.vesselspa.com\/wp-content\/uploads\/2023\/03\/cenik-copy-1.jpg 600w, https:\/\/www.vesselspa.com\/wp-content\/uploads\/2023\/03\/cenik-copy-1-212x300.jpg 212w\" sizes=\"auto, (max-width: 600px) 100vw, 600px\" \/>\t\t\t\t\t\t\t\t\t\t\t<\/div>\n\t\t\t\t\t<\/div>\n\n\t\t<div class=\"box-text text-center\" >\n\t\t\t<div class=\"box-text-inner\">\n\t\t\t\t\n\n<a class=\"button primary is-link is-smaller\" >\n\t\t<span>Poglej katalog \u276f<\/span>\n\t<\/a>\n\n\n\n\t\t\t<\/div>\n\t\t<\/div>\n\t<\/div>\n\t\n\n\t\t<\/div>\n\t\t\t\t\t<\/div>\n\n\t\n\n<\/div>\n\n\t\t<\/div>\n\n\t\t\n<style>\n#section_613158327 {\n  padding-top: 30px;\n  padding-bottom: 30px;\n}\n<\/style>\n\t<\/section>\n\t\n\n\t<section class=\"section footer-banner\" id=\"section_1253655601\">\n\t\t<div class=\"section-bg fill\" >\n\t\t\t\t\t\t\t\t\t\n\t\t\t\n\n\t\t<\/div>\n\n\t\t\n\n\t\t<div class=\"section-content relative\">\n\t\t\t\n\n<div class=\"row row-collapse align-middle\"  id=\"row-686895970\">\n\n\n\t<div id=\"col-1309847466\" class=\"col medium-6 small-12 large-6\"  >\n\t\t\t\t<div class=\"col-inner text-center dark\"  >\n\t\t\t\n\t\t\t\n\n\t<div id=\"text-1793330280\" class=\"text\">\n\t\t\n\n<h2>Modell, technische Daten und Preise<\/h2>\n\t\t\n<style>\n#text-1793330280 {\n  font-size: 1rem;\n  text-align: center;\n}\n<\/style>\n\t<\/div>\n\t\n\n\t\t<\/div>\n\t\t\t\t\t<\/div>\n\n\t\n\n\t<div id=\"col-577753796\" class=\"col medium-6 small-12 large-6\"  >\n\t\t\t\t<div class=\"col-inner text-center dark\"  >\n\t\t\t\n\t\t\t\n\n<a href=\"https:\/\/www.vesselspa.com\/de\/produkte\/?filter_znamka=jet-thruster-de\" class=\"button primary custom-button-home\" >\n\t\t<span>Produkte<\/span>\n\t<\/a>\n\n\n\n\t\t<\/div>\n\t\t\t\t\n<style>\n#col-577753796 > .col-inner {\n  margin: -20px 0px 0px 0px;\n}\n<\/style>\n\t<\/div>\n\n\t\n\n<\/div>\n\n\t\t<\/div>\n\n\t\t\n<style>\n#section_1253655601 {\n  padding-top: 30px;\n  padding-bottom: 30px;\n}\n<\/style>\n\t<\/section>\n\t\n\n","protected":false},"excerpt":{"rendered":"","protected":false},"author":2,"featured_media":0,"parent":0,"menu_order":0,"comment_status":"closed","ping_status":"closed","template":"","meta":{"footnotes":""},"class_list":["post-1668","page","type-page","status-publish","hentry"],"_links":{"self":[{"href":"https:\/\/www.vesselspa.com\/de\/wp-json\/wp\/v2\/pages\/1668","targetHints":{"allow":["GET"]}}],"collection":[{"href":"https:\/\/www.vesselspa.com\/de\/wp-json\/wp\/v2\/pages"}],"about":[{"href":"https:\/\/www.vesselspa.com\/de\/wp-json\/wp\/v2\/types\/page"}],"author":[{"embeddable":true,"href":"https:\/\/www.vesselspa.com\/de\/wp-json\/wp\/v2\/users\/2"}],"replies":[{"embeddable":true,"href":"https:\/\/www.vesselspa.com\/de\/wp-json\/wp\/v2\/comments?post=1668"}],"version-history":[{"count":2,"href":"https:\/\/www.vesselspa.com\/de\/wp-json\/wp\/v2\/pages\/1668\/revisions"}],"predecessor-version":[{"id":3010,"href":"https:\/\/www.vesselspa.com\/de\/wp-json\/wp\/v2\/pages\/1668\/revisions\/3010"}],"wp:attachment":[{"href":"https:\/\/www.vesselspa.com\/de\/wp-json\/wp\/v2\/media?parent=1668"}],"curies":[{"name":"wp","href":"https:\/\/api.w.org\/{rel}","templated":true}]}}